{"id":38,"date":"2018-04-20T00:38:34","date_gmt":"2018-04-20T00:38:34","guid":{"rendered":"http:\/\/fundasuvicol.org\/sitio\/?page_id=38"},"modified":"2025-01-06T19:05:16","modified_gmt":"2025-01-07T00:05:16","slug":"inicio","status":"publish","type":"page","link":"https:\/\/fundasuvicol.org\/sitio\/","title":{"rendered":"Inicio"},"content":{"rendered":"<p>[et_pb_section fb_built=\u00bb1&#8243; fullwidth=\u00bbon\u00bb _builder_version=\u00bb3.0.106&#8243;][et_pb_fullwidth_code _builder_version=\u00bb3.0.106&#8243;]Id. de carrusel no v\u00e1lido. El ID del Master Slider debe ser un n\u00famero v\u00e1lido.[\/et_pb_fullwidth_code][\/et_pb_section][et_pb_section fb_built=\u00bb1&#8243; background_color=\u00bb#ffffff\u00bb _builder_version=\u00bb3.0.106&#8243; custom_padding=\u00bb9px|0px|3px|0px\u00bb][et_pb_row custom_padding=\u00bb0|0px|53px|0px\u00bb background_color=\u00bbrgba(0,0,0,0)\u00bb _builder_version=\u00bb3.0.106&#8243;][et_pb_column type=\u00bb1_2&#8243; _builder_version=\u00bb3.0.47&#8243; parallax=\u00bboff\u00bb parallax_method=\u00bbon\u00bb][et_pb_image src=\u00bbhttp:\/\/fundasuvicol.org\/sitio\/wp-content\/uploads\/2018\/04\/Logo-Fundasuvicol-baja.png\u00bb align=\u00bbcenter\u00bb _builder_version=\u00bb3.0.106&#8243; max_width=\u00bb96%\u00bb module_alignment=\u00bbcenter\u00bb custom_margin=\u00bb120px|||\u00bb custom_padding=\u00bb|||10px\u00bb animation_style=\u00bbslide\u00bb][\/et_pb_image][\/et_pb_column][et_pb_column type=\u00bb1_2&#8243; _builder_version=\u00bb3.0.47&#8243; parallax=\u00bboff\u00bb parallax_method=\u00bbon\u00bb][et_pb_text _builder_version=\u00bb3.0.106&#8243; text_font=\u00bb|600|||||||\u00bb text_font_size=\u00bb17px\u00bb text_text_color=\u00bb#334981&#8243; header_font=\u00bb|700|||||||\u00bb header_font_size=\u00bb32px\u00bb header_text_color=\u00bb#334981&#8243; header_2_font=\u00bb|600|||||||\u00bb]<\/p>\n<h1 class=\"et_pb_module_header\">Nosotros<\/h1>\n<p style=\"text-align: justify;\"><strong>La Fundaci\u00f3n Sue\u00f1o Vigilia Colombiana IPS, es una entidad privada, sin <\/strong><strong>\u00e1nimo de lucro, constituida para prestar servicios de salud en el \u00e1rea especializada de los trastornos del sue\u00f1o y la <\/strong><strong>funci\u00f3n<\/strong><strong> respiratoria<\/strong><strong>. <\/strong><strong>\u00a0<\/strong>Somos un centro especializado en trastornos del sue\u00f1o donde los pacientes podr\u00e1n recibir una atenci\u00f3n humanitaria, y podr\u00e1n encontrar una soluci\u00f3n a cualquier dificultad que tenga que ver con el ciclo sue\u00f1o y vigilia. Nos caracterizamos por ofrecer siempre un diagn\u00f3stico acertado y un tratamiento oportuno que permita mejorar la calidad de vida de los pacientes.<\/p>\n<p>[\/et_pb_text][\/et_pb_column][\/et_pb_row][et_pb_row _builder_version=\u00bb3.0.47&#8243; background_size=\u00bbinitial\u00bb background_position=\u00bbtop_left\u00bb background_repeat=\u00bbrepeat\u00bb][et_pb_column type=\u00bb1_3&#8243; _builder_version=\u00bb3.0.47&#8243; parallax=\u00bboff\u00bb parallax_method=\u00bbon\u00bb][et_pb_text _builder_version=\u00bb3.0.106&#8243;]<strong>MISI\u00d3N<\/strong><\/p>\n<p><strong>La Fundaci\u00f3n Sue\u00f1o Vigilia Colombiana<\/strong> pretende prestar servicios especializados de salud seguros y humanizados, que garanticen el bienestar de nuestros usuarios y colaboradores.<br \/>\n[\/et_pb_text][\/et_pb_column][et_pb_column type=\u00bb1_3&#8243; _builder_version=\u00bb3.0.47&#8243; parallax=\u00bboff\u00bb parallax_method=\u00bbon\u00bb][et_pb_text _builder_version=\u00bb3.0.106&#8243;]<strong>VISI\u00d3N<\/strong><\/p>\n<p><strong>La Fundaci\u00f3n Sue\u00f1o Vigilia Colombiana IPS<\/strong>\u00a0pretende ser reconocida a nivel nacional e internacional, como una instituci\u00f3n acreditada en servicios especializados de salud en el \u00e1rea del sue\u00f1o y la funci\u00f3n respiratoria.<br \/>\n[\/et_pb_text][\/et_pb_column][et_pb_column type=\u00bb1_3&#8243; _builder_version=\u00bb3.0.47&#8243; parallax=\u00bboff\u00bb parallax_method=\u00bbon\u00bb][et_pb_text _builder_version=\u00bb3.0.106&#8243;]<strong>VALORES CORPORATIVOS<\/strong><\/p>\n<p>Los principios y valores que rigen la Fundaci\u00f3n Sue\u00f1o Vigilia Colombiana son la honestidad, confianza, trabajo en equipo, solidaridad, servicio, cumplimiento de compromisos, seguridad y humanizaci\u00f3n.<br \/>\n[\/et_pb_text][\/et_pb_column][\/et_pb_row][\/et_pb_section][et_pb_section fb_built=\u00bb1&#8243; background_color=\u00bbrgba(2,92,124,0.16)\u00bb _builder_version=\u00bb3.0.106&#8243; custom_padding=\u00bb0|0px|65px|0px\u00bb top_divider_color=\u00bb#45a5a1&#8243; top_divider_height=\u00bb55px\u00bb bottom_divider_color=\u00bb#45A5A1&#8243; bottom_divider_height=\u00bb55px\u00bb][et_pb_row make_fullwidth=\u00bbon\u00bb custom_padding=\u00bb65px|0px|27px|0px\u00bb _builder_version=\u00bb3.0.105&#8243;][et_pb_column type=\u00bb1_4&#8243; _builder_version=\u00bb3.0.47&#8243; parallax=\u00bboff\u00bb parallax_method=\u00bbon\u00bb][et_pb_blurb title=\u00bbTecnolog\u00eda de Punta\u00bb use_icon=\u00bbon\u00bb font_icon=\u00bb%%103%%\u00bb icon_color=\u00bb#0079b1&#8243; _builder_version=\u00bb3.0.106&#8243; header_font=\u00bbPoppins|600|||||||\u00bb header_text_color=\u00bb#0079b1&#8243; body_font=\u00bb||||||||\u00bb body_font_size=\u00bb16px\u00bb body_text_color=\u00bb#777777&#8243; background_color=\u00bb#ffffff\u00bb border_radii=\u00bbon|5px|5px|5px|5px\u00bb text_orientation=\u00bbcenter\u00bb custom_padding=\u00bb70px|20px|70px|20px\u00bb box_shadow_style=\u00bbpreset1&#8243; box_shadow_spread=\u00bb5px\u00bb box_shadow_color=\u00bb#0079B1&#8243;]<\/p>\n<p style=\"text-align: center;\">Contamos con equipos de\u00a0 \u00faltima tecnolog\u00eda para el estudio y tratamiento de cada paciente<\/p>\n<p style=\"text-align: center;\">[\/et_pb_blurb][\/et_pb_column][et_pb_column type=\u00bb1_4&#8243; _builder_version=\u00bb3.0.47&#8243; parallax=\u00bboff\u00bb parallax_method=\u00bbon\u00bb][et_pb_blurb title=\u00bbPersonal Profesional\u00bb use_icon=\u00bbon\u00bb font_icon=\u00bb%%259%%\u00bb icon_color=\u00bb#0079b1&#8243; _builder_version=\u00bb3.0.106&#8243; header_font=\u00bbPoppins|600|||||||\u00bb header_text_color=\u00bb#0079b1&#8243; body_font=\u00bb||||||||\u00bb body_font_size=\u00bb16px\u00bb body_text_color=\u00bb#777777&#8243; background_color=\u00bb#ffffff\u00bb border_radii=\u00bbon|5px|5px|5px|5px\u00bb text_orientation=\u00bbcenter\u00bb custom_padding=\u00bb70px|20px|70px|20px\u00bb box_shadow_style=\u00bbpreset1&#8243; box_shadow_spread=\u00bb5px\u00bb box_shadow_color=\u00bb#0079b1&#8243;]<\/p>\n<p style=\"text-align: center;\">Equipo humano altamente calificado en el Trastorno del Sue\u00f1o y atenci\u00f3n al paciente<\/p>\n<p style=\"text-align: center;\">[\/et_pb_blurb][\/et_pb_column][et_pb_column type=\u00bb1_4&#8243; _builder_version=\u00bb3.0.47&#8243; parallax=\u00bboff\u00bb parallax_method=\u00bbon\u00bb][et_pb_blurb title=\u00bbBeneficios\u00bb use_icon=\u00bbon\u00bb font_icon=\u00bb%%57%%\u00bb icon_color=\u00bb#0079b1&#8243; _builder_version=\u00bb3.0.106&#8243; header_font=\u00bbPoppins|600|||||||\u00bb header_text_color=\u00bb#0079b1&#8243; body_font=\u00bb||||||||\u00bb body_font_size=\u00bb15px\u00bb body_text_color=\u00bb#777777&#8243; body_line_height=\u00bb1.5em\u00bb background_color=\u00bb#ffffff\u00bb border_radii=\u00bbon|5px|5px|5px|5px\u00bb text_orientation=\u00bbcenter\u00bb custom_padding=\u00bb70px|20px|70px|20px\u00bb box_shadow_style=\u00bbpreset1&#8243; box_shadow_spread=\u00bb5px\u00bb box_shadow_color=\u00bb#0079b1&#8243;]<\/p>\n<p style=\"text-align: center;\">Para beneficio de nuestros pacientes aceptamos referidos de la mayor\u00eda de las aseguradoras, entidades afines y particulares<\/p>\n<p style=\"text-align: center;\">[\/et_pb_blurb][\/et_pb_column][et_pb_column type=\u00bb1_4&#8243; _builder_version=\u00bb3.0.47&#8243; parallax=\u00bboff\u00bb parallax_method=\u00bbon\u00bb][et_pb_blurb title=\u00bbAl d\u00eda\u00bb use_icon=\u00bbon\u00bb font_icon=\u00bb%%75%%\u00bb icon_color=\u00bb#0079b1&#8243; _builder_version=\u00bb3.0.106&#8243; header_font=\u00bbPoppins|600|||||||\u00bb header_text_color=\u00bb#0079b1&#8243; body_font=\u00bb||||||||\u00bb body_font_size=\u00bb16px\u00bb body_text_color=\u00bb#777777&#8243; background_color=\u00bb#ffffff\u00bb border_radii=\u00bbon|5px|5px|5px|5px\u00bb text_orientation=\u00bbcenter\u00bb custom_padding=\u00bb70px|20px|70px|20px\u00bb box_shadow_style=\u00bbpreset1&#8243; box_shadow_spread=\u00bb5px\u00bb box_shadow_color=\u00bb#0079b1&#8243;]<\/p>\n<p style=\"text-align: center;\">Estamos en constante actualizaci\u00f3n e investigaci\u00f3n en el campo de la medicina del sue\u00f1o<\/p>\n<p style=\"text-align: center;\">[\/et_pb_blurb][\/et_pb_column][\/et_pb_row][\/et_pb_section][et_pb_section fb_built=\u00bb1&#8243; _builder_version=\u00bb3.0.106&#8243; custom_padding=\u00bb54px|0px|30px|0px\u00bb top_divider_color=\u00bb#0079B1&#8243; top_divider_height=\u00bb55px\u00bb bottom_divider_color=\u00bb#0079B1&#8243; bottom_divider_height=\u00bb55px\u00bb animation_style=\u00bbflip\u00bb][et_pb_row custom_padding=\u00bb0|0px|27px|0px\u00bb _builder_version=\u00bb3.0.106&#8243; animation_style=\u00bbflip\u00bb][et_pb_column type=\u00bb1_3&#8243; _builder_version=\u00bb3.0.47&#8243; parallax=\u00bboff\u00bb parallax_method=\u00bbon\u00bb][et_pb_video src=\u00bbhttps:\/\/www.youtube.com\/watch?v=bVfSpTuY6Pc\u00bb _builder_version=\u00bb3.0.106&#8243; max_width=\u00bb89%\u00bb custom_margin=\u00bb|||43px\u00bb box_shadow_style=\u00bbpreset4&#8243; box_shadow_color=\u00bbrgba(0,121,177,0.42)\u00bb]<\/p>\n<p style=\"text-align: center;\">[\/et_pb_video][\/et_pb_column][et_pb_column type=\u00bb1_3&#8243; _builder_version=\u00bb3.0.47&#8243; parallax=\u00bboff\u00bb parallax_method=\u00bbon\u00bb][et_pb_video src=\u00bbhttps:\/\/www.youtube.com\/watch?v=n4I1WYpyHtQ\u00bb _builder_version=\u00bb3.0.106&#8243; max_width=\u00bb89%\u00bb custom_margin=\u00bb30px|||15px\u00bb box_shadow_style=\u00bbpreset4&#8243; box_shadow_color=\u00bbrgba(0,121,177,0.42)\u00bb]<\/p>\n<p style=\"text-align: center;\">[\/et_pb_video][\/et_pb_column][et_pb_column type=\u00bb1_3&#8243; _builder_version=\u00bb3.0.47&#8243; parallax=\u00bboff\u00bb parallax_method=\u00bbon\u00bb][et_pb_video src=\u00bbhttps:\/\/www.youtube.com\/watch?v=U-tK7GKyaAk\u00bb _builder_version=\u00bb3.0.106&#8243; max_width=\u00bb89%\u00bb box_shadow_style=\u00bbpreset4&#8243; box_shadow_color=\u00bbrgba(0,121,177,0.42)\u00bb]<\/p>\n<p style=\"text-align: center;\">[\/et_pb_video][\/et_pb_column][\/et_pb_row][\/et_pb_section][et_pb_section fb_built=\u00bb1&#8243; background_color=\u00bb#d6e5ea\u00bb _builder_version=\u00bb3.0.106&#8243;][et_pb_row _builder_version=\u00bb3.0.106&#8243;][et_pb_column type=\u00bb1_4&#8243; _builder_version=\u00bb3.0.47&#8243; parallax=\u00bboff\u00bb parallax_method=\u00bbon\u00bb][et_pb_blurb title=\u00bbTest Para Roncadores\u00bb url=\u00bbhttp:\/\/fundasuvicol.org\/sitio\/test-para-roncadores\/\u00bb url_new_window=\u00bbon\u00bb image=\u00bbhttp:\/\/fundasuvicol.org\/sitio\/wp-content\/uploads\/2018\/04\/Fundasuvicol-4.jpg\u00bb _builder_version=\u00bb3.0.106&#8243; header_level=\u00bbh3&#8243; header_font=\u00bb|700|||||||\u00bb header_font_size=\u00bb21px\u00bb header_text_color=\u00bb#0079b1&#8243; text_orientation=\u00bbcenter\u00bb box_shadow_style=\u00bbpreset3&#8243; box_shadow_vertical=\u00bb15px\u00bb box_shadow_blur=\u00bb21px\u00bb box_shadow_color=\u00bb#0079b1&#8243;]<\/p>\n<p style=\"text-align: center;\">[\/et_pb_blurb][\/et_pb_column][et_pb_column type=\u00bb1_4&#8243; _builder_version=\u00bb3.0.47&#8243; parallax=\u00bboff\u00bb parallax_method=\u00bbon\u00bb][et_pb_blurb title=\u00bb\u00bfQu\u00e9 es una Polisomnograf\u00eda?\u00bb url=\u00bbhttp:\/\/fundasuvicol.org\/sitio\/polisomnografia\/\u00bb url_new_window=\u00bbon\u00bb image=\u00bbhttp:\/\/fundasuvicol.org\/sitio\/wp-content\/uploads\/2019\/12\/foto4-1080&#215;720.jpg\u00bb _builder_version=\u00bb3.0.106&#8243; header_level=\u00bbh3&#8243; header_font=\u00bb|700|||||||\u00bb header_font_size=\u00bb20px\u00bb header_text_color=\u00bb#0079b1&#8243; text_orientation=\u00bbcenter\u00bb box_shadow_style=\u00bbpreset3&#8243; box_shadow_vertical=\u00bb15px\u00bb box_shadow_blur=\u00bb21px\u00bb box_shadow_color=\u00bb#0079b1&#8243;]<\/p>\n<p style=\"text-align: center;\">[\/et_pb_blurb][\/et_pb_column][et_pb_column type=\u00bb1_4&#8243; _builder_version=\u00bb3.0.47&#8243; parallax=\u00bboff\u00bb parallax_method=\u00bbon\u00bb][et_pb_blurb title=\u00bb\u00bfQu\u00e9 son los Trastornos de Sue\u00f1o?\u00bb url=\u00bbhttp:\/\/fundasuvicol.org\/sitio\/que-son-los-trastornos-del-sueno\/\u00bb url_new_window=\u00bbon\u00bb image=\u00bbhttp:\/\/fundasuvicol.org\/sitio\/wp-content\/uploads\/2018\/04\/Fundasuvicol-3.jpg\u00bb _builder_version=\u00bb3.0.106&#8243; header_level=\u00bbh3&#8243; header_font=\u00bb|700|||||||\u00bb header_font_size=\u00bb20px\u00bb header_text_color=\u00bb#0079b1&#8243; body_font=\u00bb||||||||\u00bb text_orientation=\u00bbcenter\u00bb box_shadow_style=\u00bbpreset3&#8243; box_shadow_vertical=\u00bb15px\u00bb box_shadow_blur=\u00bb21px\u00bb box_shadow_color=\u00bb#0079b1&#8243;]<\/p>\n<p style=\"text-align: center;\">[\/et_pb_blurb][\/et_pb_column][et_pb_column type=\u00bb1_4&#8243; _builder_version=\u00bb3.0.47&#8243; parallax=\u00bboff\u00bb parallax_method=\u00bbon\u00bb][et_pb_blurb title=\u00bbConsejos para Dormir Mejor\u00bb url=\u00bbhttp:\/\/fundasuvicol.org\/sitio\/consejos-para-dormir-mejor\/\u00bb url_new_window=\u00bbon\u00bb image=\u00bbhttp:\/\/fundasuvicol.org\/sitio\/wp-content\/uploads\/2018\/04\/Fundasuvicol-1.jpg\u00bb _builder_version=\u00bb3.0.106&#8243; header_level=\u00bbh3&#8243; header_font=\u00bb|700|||||||\u00bb header_font_size=\u00bb22px\u00bb header_text_color=\u00bb#0079b1&#8243; text_orientation=\u00bbcenter\u00bb box_shadow_style=\u00bbpreset3&#8243; box_shadow_vertical=\u00bb15px\u00bb box_shadow_blur=\u00bb21px\u00bb box_shadow_color=\u00bb#0079b1&#8243;]<\/p>\n<p style=\"text-align: center;\">[\/et_pb_blurb][\/et_pb_column][\/et_pb_row][\/et_pb_section][et_pb_section fb_built=\u00bb1&#8243; background_color=\u00bb#fcfcfc\u00bb _builder_version=\u00bb3.0.106&#8243; custom_padding=\u00bb0|0px|8px|0px\u00bb bottom_divider_color=\u00bb#0079B1&#8243; bottom_divider_height=\u00bb35px\u00bb bottom_divider_height_tablet=\u00bb46px\u00bb bottom_divider_height_phone=\u00bb38px\u00bb bottom_divider_height_last_edited=\u00bbon|phone\u00bb][et_pb_row custom_padding=\u00bb13px|0px|9px|0px\u00bb _builder_version=\u00bb3.0.106&#8243;][et_pb_column type=\u00bb1_4&#8243; _builder_version=\u00bb3.0.47&#8243; parallax=\u00bboff\u00bb parallax_method=\u00bbon\u00bb][et_pb_number_counter title=\u00bbSedes\u00bb number=\u00bb7&#8243; percent_sign=\u00bboff\u00bb _builder_version=\u00bb3.0.106&#8243; title_font=\u00bb|600|||||||\u00bb title_font_size=\u00bb22px\u00bb title_text_color=\u00bb#0079b1&#8243; number_font=\u00bb|600|||||||\u00bb number_font_size=\u00bb50px\u00bb number_text_color=\u00bb#80bcd8&#8243; number_line_height=\u00bb100px\u00bb]<\/p>\n<p style=\"text-align: center;\">[\/et_pb_number_counter][\/et_pb_column][et_pb_column type=\u00bb1_4&#8243; _builder_version=\u00bb3.0.47&#8243; parallax=\u00bboff\u00bb parallax_method=\u00bbon\u00bb][et_pb_number_counter title=\u00bbA\u00f1os de Experiencia\u00bb number=\u00bb13&#8243; percent_sign=\u00bboff\u00bb _builder_version=\u00bb3.0.106&#8243; title_font=\u00bb|700|||||||\u00bb title_font_size=\u00bb22px\u00bb title_text_color=\u00bb#0079b1&#8243; number_font=\u00bb|600|||||||\u00bb number_font_size=\u00bb50px\u00bb number_text_color=\u00bb#80bcd8&#8243; number_line_height=\u00bb100px\u00bb]<\/p>\n<p style=\"text-align: center;\">[\/et_pb_number_counter][\/et_pb_column][et_pb_column type=\u00bb1_4&#8243; _builder_version=\u00bb3.0.47&#8243; parallax=\u00bboff\u00bb parallax_method=\u00bbon\u00bb][et_pb_number_counter title=\u00bbProfesionales a su Servicio\u00bb number=\u00bb93&#8243; percent_sign=\u00bboff\u00bb _builder_version=\u00bb3.0.106&#8243; title_font=\u00bb|600|||||||\u00bb title_font_size=\u00bb22px\u00bb title_text_color=\u00bb#0079b1&#8243; number_font=\u00bb|600|||||||\u00bb number_font_size=\u00bb50px\u00bb number_text_color=\u00bb#80bcd8&#8243; number_line_height=\u00bb100px\u00bb]<\/p>\n<p style=\"text-align: center;\">[\/et_pb_number_counter][\/et_pb_column][et_pb_column type=\u00bb1_4&#8243; _builder_version=\u00bb3.0.47&#8243; parallax=\u00bboff\u00bb parallax_method=\u00bbon\u00bb][et_pb_number_counter title=\u00bbPacientes Atendidos\u00bb number=\u00bb93155&#8243; percent_sign=\u00bboff\u00bb _builder_version=\u00bb3.0.106&#8243; title_font=\u00bb|600|||||||\u00bb title_font_size=\u00bb22px\u00bb title_text_color=\u00bb#0079b1&#8243; number_font=\u00bb|600|||||||\u00bb number_font_size=\u00bb50px\u00bb number_text_color=\u00bb#80bcd8&#8243; number_line_height=\u00bb100px\u00bb]<\/p>\n<p style=\"text-align: center;\">[\/et_pb_number_counter][\/et_pb_column][\/et_pb_row][\/et_pb_section]<\/p>\n","protected":false},"excerpt":{"rendered":"<p>[et_pb_section fb_built=\u00bb1&#8243; fullwidth=\u00bbon\u00bb _builder_version=\u00bb3.0.106&#8243;][et_pb_fullwidth_code _builder_version=\u00bb3.0.106&#8243;][\/et_pb_fullwidth_code][\/et_pb_section][et_pb_section fb_built=\u00bb1&#8243; background_color=\u00bb#ffffff\u00bb _builder_version=\u00bb3.0.106&#8243; custom_padding=\u00bb9px|0px|3px|0px\u00bb][et_pb_row custom_padding=\u00bb0|0px|53px|0px\u00bb background_color=\u00bbrgba(0,0,0,0)\u00bb _builder_version=\u00bb3.0.106&#8243;][et_pb_column type=\u00bb1_2&#8243; _builder_version=\u00bb3.0.47&#8243; parallax=\u00bboff\u00bb parallax_method=\u00bbon\u00bb][et_pb_image src=\u00bbhttp:\/\/fundasuvicol.org\/sitio\/wp-content\/uploads\/2018\/04\/Logo-Fundasuvicol-baja.png\u00bb align=\u00bbcenter\u00bb _builder_version=\u00bb3.0.106&#8243; max_width=\u00bb96%\u00bb module_alignment=\u00bbcenter\u00bb custom_margin=\u00bb120px|||\u00bb custom_padding=\u00bb|||10px\u00bb animation_style=\u00bbslide\u00bb][\/et_pb_image][\/et_pb_column][et_pb_column type=\u00bb1_2&#8243; _builder_version=\u00bb3.0.47&#8243; parallax=\u00bboff\u00bb parallax_method=\u00bbon\u00bb][et_pb_text _builder_version=\u00bb3.0.106&#8243; text_font=\u00bb|600|||||||\u00bb text_font_size=\u00bb17px\u00bb text_text_color=\u00bb#334981&#8243; header_font=\u00bb|700|||||||\u00bb header_font_size=\u00bb32px\u00bb header_text_color=\u00bb#334981&#8243; header_2_font=\u00bb|600|||||||\u00bb] Nosotros La Fundaci\u00f3n Sue\u00f1o Vigilia Colombiana IPS, es una entidad privada, sin \u00e1nimo de lucro, constituida para prestar servicios [&hellip;]<\/p>\n","protected":false},"author":1,"featured_media":0,"parent":0,"menu_order":0,"comment_status":"closed","ping_status":"closed","template":"","meta":{"footnotes":""},"class_list":["post-38","page","type-page","status-publish","hentry"],"_links":{"self":[{"href":"https:\/\/fundasuvicol.org\/sitio\/wp-json\/wp\/v2\/pages\/38","targetHints":{"allow":["GET"]}}],"collection":[{"href":"https:\/\/fundasuvicol.org\/sitio\/wp-json\/wp\/v2\/pages"}],"about":[{"href":"https:\/\/fundasuvicol.org\/sitio\/wp-json\/wp\/v2\/types\/page"}],"author":[{"embeddable":true,"href":"https:\/\/fundasuvicol.org\/sitio\/wp-json\/wp\/v2\/users\/1"}],"replies":[{"embeddable":true,"href":"https:\/\/fundasuvicol.org\/sitio\/wp-json\/wp\/v2\/comments?post=38"}],"version-history":[{"count":82,"href":"https:\/\/fundasuvicol.org\/sitio\/wp-json\/wp\/v2\/pages\/38\/revisions"}],"predecessor-version":[{"id":48746,"href":"https:\/\/fundasuvicol.org\/sitio\/wp-json\/wp\/v2\/pages\/38\/revisions\/48746"}],"wp:attachment":[{"href":"https:\/\/fundasuvicol.org\/sitio\/wp-json\/wp\/v2\/media?parent=38"}],"curies":[{"name":"wp","href":"https:\/\/api.w.org\/{rel}","templated":true}]}}