{"id":46,"date":"2018-04-20T00:40:06","date_gmt":"2018-04-20T00:40:06","guid":{"rendered":"http:\/\/fundasuvicol.org\/sitio\/?page_id=46"},"modified":"2022-11-30T14:51:51","modified_gmt":"2022-11-30T19:51:51","slug":"solicitar-cita","status":"publish","type":"page","link":"https:\/\/fundasuvicol.org\/sitio\/solicitar-cita\/","title":{"rendered":"Solicitar Cita"},"content":{"rendered":"<p>[et_pb_section bb_built=\u00bb1&#8243; _builder_version=\u00bb3.0.106&#8243; custom_padding=\u00bb54px|0px|7px|0px\u00bb top_divider_style=\u00bbclouds2&#8243; top_divider_color=\u00bb#0079B1&#8243; next_background_color=\u00bb#000000&#8243;][et_pb_row custom_padding=\u00bb112px|0px|0|0px\u00bb _builder_version=\u00bb3.0.106&#8243;][et_pb_column type=\u00bb4_4&#8243;][et_pb_text _builder_version=\u00bb3.0.106&#8243; text_font=\u00bb||||||||\u00bb text_font_size=\u00bb29px\u00bb text_text_color=\u00bb#4f4f4f\u00bb]<\/p>\n<p style=\"text-align: center;\">SOLICITAR CITA<\/p>\n<p>[\/et_pb_text][\/et_pb_column][\/et_pb_row][\/et_pb_section][et_pb_section bb_built=\u00bb1&#8243; _builder_version=\u00bb3.0.106&#8243; custom_padding=\u00bb0|0px|0|0px\u00bb prev_background_color=\u00bb#000000&#8243; next_background_color=\u00bb#000000&#8243;][et_pb_row custom_padding=\u00bb27px|0px|0|0px\u00bb _builder_version=\u00bb3.0.106&#8243;][et_pb_column type=\u00bb4_4&#8243;][et_pb_divider color=\u00bb#8ac2db\u00bb show_divider=\u00bbon\u00bb _builder_version=\u00bb3.0.106&#8243; \/][\/et_pb_column][\/et_pb_row][et_pb_row custom_padding=\u00bb7px|0px|27px|0px\u00bb _builder_version=\u00bb3.0.106&#8243;][et_pb_column type=\u00bb4_4&#8243;][et_pb_text _builder_version=\u00bb3.0.106&#8243; text_font=\u00bb||||||||\u00bb text_font_size=\u00bb20px\u00bb text_line_height=\u00bb1.2em\u00bb]<\/p>\n<p style=\"text-align: justify;\">Por favor deje los datos que se mencionan a continuaci\u00f3n para ser contactado por nuestro personal\u00a0 y finalizar el proceso de agendamiento de su cita:<\/p>\n<p>[\/et_pb_text][\/et_pb_column][\/et_pb_row][\/et_pb_section][et_pb_section bb_built=\u00bb1&#8243; _builder_version=\u00bb3.0.106&#8243; custom_padding=\u00bb8px|0px|192px|0px\u00bb bottom_divider_color=\u00bb#0079B1&#8243; bottom_divider_height=\u00bb35px\u00bb prev_background_color=\u00bb#000000&#8243;][et_pb_row custom_padding=\u00bb2px|0px|27px|0px\u00bb _builder_version=\u00bb3.0.106&#8243;][et_pb_column type=\u00bb4_4&#8243;][et_pb_contact_form captcha=\u00bboff\u00bb email=\u00bbdatosparaagendarcita@fundasuvicol.org\u00bb success_message=\u00bbGracias por contactarnos. Un asesor se estar\u00e1 comunicando con usted en el horario que indicado. \u00bb submit_button_text=\u00bbSOLICITAR CITA\u00bb form_background_color=\u00bbrgba(0,121,177,0.46)\u00bb module_id=\u00bbet_pb_contact_form_0&#8243; _builder_version=\u00bb3.0.106&#8243; form_field_font=\u00bb|600|||||||\u00bb form_field_text_color=\u00bb#ffffff\u00bb form_field_letter_spacing=\u00bb1px\u00bb custom_button=\u00bbon\u00bb button_text_size=\u00bb22px\u00bb button_text_color=\u00bb#8ac2db\u00bb button_bg_color=\u00bb#ffffff\u00bb button_border_color=\u00bb#8ac2db\u00bb button_font=\u00bb|600|||||||\u00bb button_use_icon=\u00bboff\u00bb button_text_color_hover=\u00bb#ffffff\u00bb button_bg_color_hover=\u00bb#8ac2db\u00bb custom_message=\u00bbDatos de Usuario||et_pb_line_break_holder||Nombre: %%Nombre%%||et_pb_line_break_holder||Email: %%Email%%||et_pb_line_break_holder||Tipo Documento: %%Type_ID%%||et_pb_line_break_holder||# Identificaci\u00f3n: %%ID%%||et_pb_line_break_holder||Tel\u00e9fono: %%Tel\u00e9fono%%||et_pb_line_break_holder||Cita Solicitada: %%Cita%%||et_pb_line_break_holder||Horario Para ser Contactado: %%Horario%%||et_pb_line_break_holder||EPS: %%EPS%%||et_pb_line_break_holder||Mensaje: %%Message%%\u00bb use_redirect=\u00bboff\u00bb button_icon_placement=\u00bbright\u00bb][et_pb_contact_field field_id=\u00bbNombre\u00bb field_title=\u00bbNombres y Apellidos\u00bb _builder_version=\u00bb3.0.106&#8243; border_radii=\u00bbon||||\u00bb][\/et_pb_contact_field][et_pb_contact_field field_id=\u00bbEmail\u00bb field_title=\u00bbDirecci\u00f3n de correo electr\u00f3nico\u00bb field_type=\u00bbemail\u00bb _builder_version=\u00bb3.0.106&#8243; border_radii=\u00bbon||||\u00bb][\/et_pb_contact_field][et_pb_contact_field field_id=\u00bbType_ID\u00bb field_title=\u00bbTipo ID\u00bb field_type=\u00bbselect\u00bb select_options=\u00bb%91{%22value%22:%22CC%22,%22checked%22:0,%22dragID%22:0},{%22value%22:%22RC%22,%22checked%22:0,%22dragID%22:1},{%22value%22:%22TI%22,%22checked%22:0,%22dragID%22:2},{%22value%22:%22CE%22,%22checked%22:0,%22dragID%22:3}%93&#8243; _builder_version=\u00bb3.0.106&#8243;][\/et_pb_contact_field][et_pb_contact_field field_id=\u00bbID\u00bb field_title=\u00bbN\u00ba Identificaci\u00f3n\u00bb allowed_symbols=\u00bbnumbers\u00bb _builder_version=\u00bb3.0.106&#8243;][\/et_pb_contact_field][et_pb_contact_field field_id=\u00bbTel\u00e9fono\u00bb field_title=\u00bbTel\u00e9fono\u00bb _builder_version=\u00bb3.0.106&#8243; border_radii=\u00bbon||||\u00bb][\/et_pb_contact_field][et_pb_contact_field field_id=\u00bbCita\u00bb field_title=\u00bbCita Solicitada\u00bb field_type=\u00bbselect\u00bb select_options=\u00bb%91{%22value%22:%22Polisomnograf\u00eda Basal%22,%22checked%22:0,%22dragID%22:0},{%22value%22:%22Polisomnograf\u00eda CPAP%22,%22checked%22:0,%22dragID%22:1},{%22value%22:%22Polisomnograf\u00eda BPAP%22,%22checked%22:0,%22dragID%22:2},{%22value%22:%22Capnograf\u00eda%22,%22checked%22:0,%22dragID%22:3},{%22value%22:%22Test de Latencia%22,%22checked%22:0,%22dragID%22:4},{%22value%22:%22Neumolog\u00eda Adulta%22,%22checked%22:0,%22dragID%22:5},{%22value%22:%22Neumolog\u00eda Pedi\u00e1trica%22,%22checked%22:0,%22dragID%22:6},{%22value%22:%22Medicina del Sue\u00f1o%22,%22checked%22:0,%22dragID%22:7},{%22value%22:%22Psiquiatr\u00eda%22,%22checked%22:0,%22dragID%22:8},{%22value%22:%22Alquiler de CPAP%22,%22checked%22:0,%22dragID%22:9},{%22value%22:%22Mantenimiento de CPAP%22,%22checked%22:0,%22dragID%22:10},{%22value%22:%22Cambio de M\u00e1scara%22,%22checked%22:0,%22dragID%22:11},{%22value%22:%22Lectura de C-PAP%22,%22checked%22:0,%22dragID%22:12}%93&#8243; _builder_version=\u00bb3.0.106&#8243; form_field_font=\u00bb||||||||\u00bb border_radii=\u00bbon||||\u00bb][\/et_pb_contact_field][et_pb_contact_field field_id=\u00bbHorario\u00bb field_title=\u00bbHorario para ser Contactado\u00bb field_type=\u00bbselect\u00bb select_options=\u00bb%91{%22value%22:%22De 8:00a.m. a 10:00a.m.%22,%22checked%22:0,%22dragID%22:0},{%22value%22:%22De 10:00a.m. a 12:00p.m. %22,%22checked%22:0,%22dragID%22:1},{%22value%22:%22De 12:00p.m. a 2:00p.m.%22,%22checked%22:0,%22dragID%22:2},{%22value%22:%22De 2:00p.m. a 4:00p.m.%22,%22checked%22:0,%22dragID%22:3},{%22value%22:%22De 4:00p.m. a 6:00p.m.%22,%22checked%22:0,%22dragID%22:4}%93&#8243; _builder_version=\u00bb3.0.106&#8243; form_field_font=\u00bb||||||||\u00bb border_radii=\u00bbon||||\u00bb][\/et_pb_contact_field][et_pb_contact_field field_id=\u00bbEPS\u00bb field_title=\u00bbEPS\u00bb _builder_version=\u00bb3.0.106&#8243; border_radii=\u00bbon||||\u00bb][\/et_pb_contact_field][et_pb_contact_field field_id=\u00bbMessage\u00bb field_title=\u00bbMensaje\u00bb field_type=\u00bbtext\u00bb fullwidth_field=\u00bbon\u00bb _builder_version=\u00bb3.0.106&#8243; border_radii=\u00bbon||||\u00bb][\/et_pb_contact_field][\/et_pb_contact_form][\/et_pb_column][\/et_pb_row][\/et_pb_section]<\/p>\n","protected":false},"excerpt":{"rendered":"<p>[et_pb_section bb_built=\u00bb1&#8243; _builder_version=\u00bb3.0.106&#8243; custom_padding=\u00bb54px|0px|7px|0px\u00bb top_divider_style=\u00bbclouds2&#8243; top_divider_color=\u00bb#0079B1&#8243; next_background_color=\u00bb#000000&#8243;][et_pb_row custom_padding=\u00bb112px|0px|0|0px\u00bb _builder_version=\u00bb3.0.106&#8243;][et_pb_column type=\u00bb4_4&#8243;][et_pb_text _builder_version=\u00bb3.0.106&#8243; text_font=\u00bb||||||||\u00bb text_font_size=\u00bb29px\u00bb text_text_color=\u00bb#4f4f4f\u00bb] SOLICITAR CITA [\/et_pb_text][\/et_pb_column][\/et_pb_row][\/et_pb_section][et_pb_section bb_built=\u00bb1&#8243; _builder_version=\u00bb3.0.106&#8243; custom_padding=\u00bb0|0px|0|0px\u00bb prev_background_color=\u00bb#000000&#8243; next_background_color=\u00bb#000000&#8243;][et_pb_row custom_padding=\u00bb27px|0px|0|0px\u00bb _builder_version=\u00bb3.0.106&#8243;][et_pb_column type=\u00bb4_4&#8243;][et_pb_divider color=\u00bb#8ac2db\u00bb show_divider=\u00bbon\u00bb _builder_version=\u00bb3.0.106&#8243; \/][\/et_pb_column][\/et_pb_row][et_pb_row custom_padding=\u00bb7px|0px|27px|0px\u00bb _builder_version=\u00bb3.0.106&#8243;][et_pb_column type=\u00bb4_4&#8243;][et_pb_text _builder_version=\u00bb3.0.106&#8243; text_font=\u00bb||||||||\u00bb text_font_size=\u00bb20px\u00bb text_line_height=\u00bb1.2em\u00bb] Por favor deje los datos que se mencionan a continuaci\u00f3n para ser contactado por nuestro personal\u00a0 y finalizar el [&hellip;]<\/p>\n","protected":false},"author":1,"featured_media":0,"parent":0,"menu_order":0,"comment_status":"closed","ping_status":"closed","template":"","meta":{"footnotes":""},"class_list":["post-46","page","type-page","status-publish","hentry"],"_links":{"self":[{"href":"https:\/\/fundasuvicol.org\/sitio\/wp-json\/wp\/v2\/pages\/46","targetHints":{"allow":["GET"]}}],"collection":[{"href":"https:\/\/fundasuvicol.org\/sitio\/wp-json\/wp\/v2\/pages"}],"about":[{"href":"https:\/\/fundasuvicol.org\/sitio\/wp-json\/wp\/v2\/types\/page"}],"author":[{"embeddable":true,"href":"https:\/\/fundasuvicol.org\/sitio\/wp-json\/wp\/v2\/users\/1"}],"replies":[{"embeddable":true,"href":"https:\/\/fundasuvicol.org\/sitio\/wp-json\/wp\/v2\/comments?post=46"}],"version-history":[{"count":21,"href":"https:\/\/fundasuvicol.org\/sitio\/wp-json\/wp\/v2\/pages\/46\/revisions"}],"predecessor-version":[{"id":47949,"href":"https:\/\/fundasuvicol.org\/sitio\/wp-json\/wp\/v2\/pages\/46\/revisions\/47949"}],"wp:attachment":[{"href":"https:\/\/fundasuvicol.org\/sitio\/wp-json\/wp\/v2\/media?parent=46"}],"curies":[{"name":"wp","href":"https:\/\/api.w.org\/{rel}","templated":true}]}}