{"id":47241,"date":"2018-04-26T19:09:51","date_gmt":"2018-04-26T19:09:51","guid":{"rendered":"http:\/\/fundasuvicol.org\/sitio\/?page_id=47241"},"modified":"2018-05-01T18:47:12","modified_gmt":"2018-05-01T18:47:12","slug":"test-para-roncadores","status":"publish","type":"page","link":"https:\/\/fundasuvicol.org\/sitio\/test-para-roncadores\/","title":{"rendered":"Test Para Roncadores"},"content":{"rendered":"<p>[et_pb_section fb_built=\u00bb1&#8243; fullwidth=\u00bbon\u00bb _builder_version=\u00bb3.0.106&#8243; custom_padding=\u00bb0|0px|113px|0px\u00bb top_divider_style=\u00bbwaves2&#8243; top_divider_color=\u00bb#0079B1&#8243;][et_pb_fullwidth_slider _builder_version=\u00bb3.0.106&#8243;][\/et_pb_fullwidth_slider][\/et_pb_section][et_pb_section fb_built=\u00bb1&#8243; _builder_version=\u00bb3.0.106&#8243; custom_padding=\u00bb0|0px|54px|0px\u00bb][et_pb_row custom_padding=\u00bb0|0px|27px|0px\u00bb _builder_version=\u00bb3.0.106&#8243;][et_pb_column type=\u00bb4_4&#8243; _builder_version=\u00bb3.0.106&#8243; parallax=\u00bboff\u00bb parallax_method=\u00bbon\u00bb][et_pb_image src=\u00bbhttp:\/\/fundasuvicol.org\/sitio\/wp-content\/uploads\/2018\/04\/Fundasuvicol-4.jpg\u00bb align=\u00bbcenter\u00bb _builder_version=\u00bb3.0.106&#8243; max_width=\u00bb35%\u00bb box_shadow_style=\u00bbpreset4&#8243;][\/et_pb_image][\/et_pb_column][\/et_pb_row][\/et_pb_section][et_pb_section fb_built=\u00bb1&#8243; _builder_version=\u00bb3.0.106&#8243; custom_padding=\u00bb0|0px|110px|0px\u00bb bottom_divider_color=\u00bb#0079b1&#8243; bottom_divider_height=\u00bb38px\u00bb][et_pb_row custom_padding=\u00bb0|0px|27px|0px\u00bb _builder_version=\u00bb3.0.106&#8243;][et_pb_column type=\u00bb4_4&#8243; _builder_version=\u00bb3.0.106&#8243; parallax=\u00bboff\u00bb parallax_method=\u00bbon\u00bb][et_pb_text _builder_version=\u00bb3.0.106&#8243; text_font=\u00bb||||||||\u00bb text_font_size=\u00bb19px\u00bb header_font=\u00bb|700|||||||\u00bb header_2_font=\u00bb||||||||\u00bb header_2_font_size=\u00bb28px\u00bb]<\/p>\n<h2 style=\"text-align: center;\"><strong>Test Para Roncadores<\/strong><\/h2>\n<p><strong><\/strong><\/p>\n<p>El s\u00edndrome de apnea durante el sue\u00f1o (SAHS) es el m\u00e1s frecuente de los trastornos respiratorios que se producen durante el sue\u00f1o, ya que afecta a alrededor del 4% de la poblaci\u00f3n adulta mundial. A continuaci\u00f3n podr\u00e1 realizar este simple test para conocer si podr\u00eda estar padeciendo este trastorno.<\/p>\n<p>Responda SI o NO a las siguientes preguntas. Si no conoce la respuesta, cons\u00faltelo con quien comparte su habitaci\u00f3n:<\/p>\n<p style=\"text-align: center;\">1) \u00bfRonca intensamente?<\/p>\n<p style=\"text-align: center;\">2) \u00bfRealiza pausas respiratorias?<\/p>\n<p style=\"text-align: center;\">3) \u00bfSe duerme f\u00e1cilmente durante el d\u00eda?<\/p>\n<p style=\"text-align: center;\">4) \u00bfSu sue\u00f1o es inquieto?<\/p>\n<p style=\"text-align: center;\">5) \u00bfSe despierta de noche con deseos de orinar?<\/p>\n<p style=\"text-align: center;\">6) \u00bfSe despierta con sensaci\u00f3n de ahogo?<\/p>\n<p style=\"text-align: center;\">7) \u00bfSe despierta con ardores de est\u00f3mago?<\/p>\n<p style=\"text-align: center;\">8 ) \u00bfTranspira intensamente por la noche?<\/p>\n<p style=\"text-align: center;\">9) \u00bfHa notado cambios de personalidad?<\/p>\n<p style=\"text-align: center;\">10) \u00bfDescenso del deseo sexual \u00f3 impotencia?<\/p>\n<p style=\"text-align: center;\">11) \u00bfSe despierta por la ma\u00f1ana con dolor de cabeza \u00f3 embotamiento?<\/p>\n<p style=\"text-align: center;\">12) \u00bfPadece de presi\u00f3n alta?<\/p>\n<p style=\"text-align: center;\">13) \u00bfTiene sobrepeso \u00f3 cuello ancho y corto?<\/p>\n<p style=\"text-align: center;\">14) \u00bfMoja la almohada con saliva?<\/p>\n<p style=\"text-align: center;\">15) \u00bfSiente la boca seca al levantarse?<\/p>\n<p style=\"text-align: center;\">16) \u00bfSe levanta con sensaci\u00f3n de sue\u00f1o \u00f3 de no haber descansado lo suficiente?<\/p>\n<p>Si Ud. ronca y ha respondido SI a alguna de las preguntas h\u00e1blelo con su m\u00e9dico de cabecera \u00f3 consulte con un especialista en trastornos del sue\u00f1o. Ud. puede estar padeciendo un S\u00edndrome de Apneas<span>\u00a0<\/span>del Sue\u00f1o.<\/p>\n<p>[\/et_pb_text][\/et_pb_column][\/et_pb_row][\/et_pb_section]<\/p>\n","protected":false},"excerpt":{"rendered":"<p>[et_pb_section fb_built=\u00bb1&#8243; fullwidth=\u00bbon\u00bb _builder_version=\u00bb3.0.106&#8243; custom_padding=\u00bb0|0px|113px|0px\u00bb top_divider_style=\u00bbwaves2&#8243; top_divider_color=\u00bb#0079B1&#8243;][et_pb_fullwidth_slider _builder_version=\u00bb3.0.106&#8243;][\/et_pb_fullwidth_slider][\/et_pb_section][et_pb_section fb_built=\u00bb1&#8243; _builder_version=\u00bb3.0.106&#8243; custom_padding=\u00bb0|0px|54px|0px\u00bb][et_pb_row custom_padding=\u00bb0|0px|27px|0px\u00bb _builder_version=\u00bb3.0.106&#8243;][et_pb_column type=\u00bb4_4&#8243; _builder_version=\u00bb3.0.106&#8243; parallax=\u00bboff\u00bb parallax_method=\u00bbon\u00bb][et_pb_image src=\u00bbhttp:\/\/fundasuvicol.org\/sitio\/wp-content\/uploads\/2018\/04\/Fundasuvicol-4.jpg\u00bb align=\u00bbcenter\u00bb _builder_version=\u00bb3.0.106&#8243; max_width=\u00bb35%\u00bb box_shadow_style=\u00bbpreset4&#8243;][\/et_pb_image][\/et_pb_column][\/et_pb_row][\/et_pb_section][et_pb_section fb_built=\u00bb1&#8243; _builder_version=\u00bb3.0.106&#8243; custom_padding=\u00bb0|0px|110px|0px\u00bb bottom_divider_color=\u00bb#0079b1&#8243; bottom_divider_height=\u00bb38px\u00bb][et_pb_row custom_padding=\u00bb0|0px|27px|0px\u00bb _builder_version=\u00bb3.0.106&#8243;][et_pb_column type=\u00bb4_4&#8243; _builder_version=\u00bb3.0.106&#8243; parallax=\u00bboff\u00bb parallax_method=\u00bbon\u00bb][et_pb_text _builder_version=\u00bb3.0.106&#8243; text_font=\u00bb||||||||\u00bb text_font_size=\u00bb19px\u00bb header_font=\u00bb|700|||||||\u00bb header_2_font=\u00bb||||||||\u00bb header_2_font_size=\u00bb28px\u00bb] Test Para Roncadores El s\u00edndrome de apnea durante el sue\u00f1o (SAHS) es el m\u00e1s frecuente de [&hellip;]<\/p>\n","protected":false},"author":1,"featured_media":0,"parent":0,"menu_order":0,"comment_status":"closed","ping_status":"closed","template":"","meta":{"footnotes":""},"class_list":["post-47241","page","type-page","status-publish","hentry"],"_links":{"self":[{"href":"https:\/\/fundasuvicol.org\/sitio\/wp-json\/wp\/v2\/pages\/47241","targetHints":{"allow":["GET"]}}],"collection":[{"href":"https:\/\/fundasuvicol.org\/sitio\/wp-json\/wp\/v2\/pages"}],"about":[{"href":"https:\/\/fundasuvicol.org\/sitio\/wp-json\/wp\/v2\/types\/page"}],"author":[{"embeddable":true,"href":"https:\/\/fundasuvicol.org\/sitio\/wp-json\/wp\/v2\/users\/1"}],"replies":[{"embeddable":true,"href":"https:\/\/fundasuvicol.org\/sitio\/wp-json\/wp\/v2\/comments?post=47241"}],"version-history":[{"count":6,"href":"https:\/\/fundasuvicol.org\/sitio\/wp-json\/wp\/v2\/pages\/47241\/revisions"}],"predecessor-version":[{"id":47577,"href":"https:\/\/fundasuvicol.org\/sitio\/wp-json\/wp\/v2\/pages\/47241\/revisions\/47577"}],"wp:attachment":[{"href":"https:\/\/fundasuvicol.org\/sitio\/wp-json\/wp\/v2\/media?parent=47241"}],"curies":[{"name":"wp","href":"https:\/\/api.w.org\/{rel}","templated":true}]}}