{"id":47250,"date":"2018-04-27T00:01:27","date_gmt":"2018-04-27T00:01:27","guid":{"rendered":"http:\/\/fundasuvicol.org\/sitio\/?page_id=47250"},"modified":"2022-12-30T15:47:04","modified_gmt":"2022-12-30T20:47:04","slug":"polisomnografia","status":"publish","type":"page","link":"https:\/\/fundasuvicol.org\/sitio\/polisomnografia\/","title":{"rendered":"Polisomnograf\u00eda"},"content":{"rendered":"<p>[et_pb_section fb_built=\u00bb1&#8243; admin_label=\u00bbsection\u00bb _builder_version=\u00bb3.0.106&#8243; custom_padding=\u00bb54px|0px|0|0px\u00bb top_divider_style=\u00bbclouds2&#8243; top_divider_color=\u00bb#0079B1&#8243;][et_pb_row admin_label=\u00bbrow\u00bb _builder_version=\u00bb3.0.47&#8243; background_size=\u00bbinitial\u00bb background_position=\u00bbtop_left\u00bb background_repeat=\u00bbrepeat\u00bb][et_pb_column type=\u00bb4_4&#8243; _builder_version=\u00bb3.0.47&#8243; parallax=\u00bboff\u00bb parallax_method=\u00bbon\u00bb][et_pb_text admin_label=\u00bbText\u00bb _builder_version=\u00bb3.0.47&#8243; background_size=\u00bbinitial\u00bb background_position=\u00bbtop_left\u00bb background_repeat=\u00bbrepeat\u00bb] [\/et_pb_text][\/et_pb_column][\/et_pb_row][\/et_pb_section][et_pb_section fb_built=\u00bb1&#8243; _builder_version=\u00bb3.0.106&#8243; custom_padding=\u00bb1px|0px|0|0px\u00bb][et_pb_row custom_padding=\u00bb0|0px|27px|0px\u00bb _builder_version=\u00bb3.0.106&#8243;][et_pb_column type=\u00bb4_4&#8243; _builder_version=\u00bb3.0.106&#8243; parallax=\u00bboff\u00bb parallax_method=\u00bbon\u00bb][et_pb_image src=\u00bbhttp:\/\/fundasuvicol.org\/sitio\/wp-content\/uploads\/2018\/06\/Polisomnograf\u00eda.jpg\u00bb _builder_version=\u00bb3.0.106&#8243; max_width=\u00bb29%\u00bb module_alignment=\u00bbcenter\u00bb box_shadow_style=\u00bbpreset4&#8243;][\/et_pb_image][\/et_pb_column][\/et_pb_row][\/et_pb_section][et_pb_section fb_built=\u00bb1&#8243; _builder_version=\u00bb3.0.106&#8243; custom_padding=\u00bb53px|0px|127px|0px\u00bb bottom_divider_color=\u00bb#0079b1&#8243; bottom_divider_height=\u00bb41px\u00bb][et_pb_row custom_padding=\u00bb0|0px|27px|0px\u00bb _builder_version=\u00bb3.0.106&#8243;][et_pb_column type=\u00bb4_4&#8243; _builder_version=\u00bb3.0.106&#8243; parallax=\u00bboff\u00bb parallax_method=\u00bbon\u00bb][et_pb_text _builder_version=\u00bb3.0.106&#8243; text_font=\u00bb||||||||\u00bb text_font_size=\u00bb19px\u00bb ul_font=\u00bb||||||||\u00bb]<\/p>\n<h2 style=\"text-align: center;\"><strong>\u00bfQu\u00e9 es la Polisomnograf\u00eda?<\/strong><\/h2>\n<p>&nbsp;<\/p>\n<p style=\"text-align: justify;\">La polisomnograf\u00eda o estudio polisomnogr\u00e1fico es un estudio frecuente, sin molestias ni dolores, en el que se estudian durante el sue\u00f1o distintas variables como los ronquidos, la presencia de apneas, el ritmo cardiaco, los niveles de ox\u00edgenos en sangre y muchas otras variables seg\u00fan la necesidad de cada paciente. Si bien existen muchas modalidades, la m\u00e1s frecuente es la polisomnograf\u00eda nocturna con oximetr\u00eda. Los estudios del sue\u00f1o son \u00fatiles para diagnosticar diferentes trastornos durante el sue\u00f1o, el m\u00e1s frecuente es la apnea del sue\u00f1o.<\/p>\n<p style=\"text-align: justify;\">En la polisomnograf\u00eda lo \u00fanico que har\u00e1 usted es dormir en una cama confortable, estar\u00e1 en una habitaci\u00f3n solo y apenas se apaguen las luces comienza el registro. La indicaci\u00f3n del estudio la realiza un m\u00e9dico y en todos los casos, en nuestros centros, realizamos una entrevista de admisi\u00f3n para evaluar su caso y el tipo de estudio a realizar.<\/p>\n<p style=\"text-align: justify;\">Si bien existen distintos tipos de aparatolog\u00eda, en la Fundaci\u00f3n Sue\u00f1o Vigilia Colombiana utilizamos tecnolog\u00eda de punta, adicionalmente tenemos instalaciones muy c\u00f3modas para que nuestros usuarios duerman toda la noche. As\u00ed mismo nos distinguimos por ofrecer una atenci\u00f3n muy c\u00e1lida y humana.<\/p>\n<p style=\"text-align: justify;\">Para conocer los requisitos previos a la polisomnograf\u00eda haga <a href=\"http:\/\/fundasuvicol.org\/sitio\/wp-content\/uploads\/2018\/05\/REQUISITOS-POLISOMNOGRAF\u00cdA-FUNDASUVICOL.pdf\">click aqu\u00ed<\/a><\/p>\n<p>[\/et_pb_text][\/et_pb_column][\/et_pb_row][\/et_pb_section]<\/p>\n","protected":false},"excerpt":{"rendered":"<p>[et_pb_section fb_built=\u00bb1&#8243; admin_label=\u00bbsection\u00bb _builder_version=\u00bb3.0.106&#8243; custom_padding=\u00bb54px|0px|0|0px\u00bb top_divider_style=\u00bbclouds2&#8243; top_divider_color=\u00bb#0079B1&#8243;][et_pb_row admin_label=\u00bbrow\u00bb _builder_version=\u00bb3.0.47&#8243; background_size=\u00bbinitial\u00bb background_position=\u00bbtop_left\u00bb background_repeat=\u00bbrepeat\u00bb][et_pb_column type=\u00bb4_4&#8243; _builder_version=\u00bb3.0.47&#8243; parallax=\u00bboff\u00bb parallax_method=\u00bbon\u00bb][et_pb_text admin_label=\u00bbText\u00bb _builder_version=\u00bb3.0.47&#8243; background_size=\u00bbinitial\u00bb background_position=\u00bbtop_left\u00bb background_repeat=\u00bbrepeat\u00bb] [\/et_pb_text][\/et_pb_column][\/et_pb_row][\/et_pb_section][et_pb_section fb_built=\u00bb1&#8243; _builder_version=\u00bb3.0.106&#8243; custom_padding=\u00bb1px|0px|0|0px\u00bb][et_pb_row custom_padding=\u00bb0|0px|27px|0px\u00bb _builder_version=\u00bb3.0.106&#8243;][et_pb_column type=\u00bb4_4&#8243; _builder_version=\u00bb3.0.106&#8243; parallax=\u00bboff\u00bb parallax_method=\u00bbon\u00bb][et_pb_image src=\u00bbhttp:\/\/fundasuvicol.org\/sitio\/wp-content\/uploads\/2018\/06\/Polisomnograf\u00eda.jpg\u00bb _builder_version=\u00bb3.0.106&#8243; max_width=\u00bb29%\u00bb module_alignment=\u00bbcenter\u00bb box_shadow_style=\u00bbpreset4&#8243;][\/et_pb_image][\/et_pb_column][\/et_pb_row][\/et_pb_section][et_pb_section fb_built=\u00bb1&#8243; _builder_version=\u00bb3.0.106&#8243; custom_padding=\u00bb53px|0px|127px|0px\u00bb bottom_divider_color=\u00bb#0079b1&#8243; bottom_divider_height=\u00bb41px\u00bb][et_pb_row custom_padding=\u00bb0|0px|27px|0px\u00bb _builder_version=\u00bb3.0.106&#8243;][et_pb_column type=\u00bb4_4&#8243; _builder_version=\u00bb3.0.106&#8243; parallax=\u00bboff\u00bb parallax_method=\u00bbon\u00bb][et_pb_text _builder_version=\u00bb3.0.106&#8243; text_font=\u00bb||||||||\u00bb text_font_size=\u00bb19px\u00bb ul_font=\u00bb||||||||\u00bb] \u00bfQu\u00e9 es la Polisomnograf\u00eda? [&hellip;]<\/p>\n","protected":false},"author":1,"featured_media":0,"parent":0,"menu_order":0,"comment_status":"closed","ping_status":"closed","template":"","meta":{"footnotes":""},"class_list":["post-47250","page","type-page","status-publish","hentry"],"_links":{"self":[{"href":"https:\/\/fundasuvicol.org\/sitio\/wp-json\/wp\/v2\/pages\/47250","targetHints":{"allow":["GET"]}}],"collection":[{"href":"https:\/\/fundasuvicol.org\/sitio\/wp-json\/wp\/v2\/pages"}],"about":[{"href":"https:\/\/fundasuvicol.org\/sitio\/wp-json\/wp\/v2\/types\/page"}],"author":[{"embeddable":true,"href":"https:\/\/fundasuvicol.org\/sitio\/wp-json\/wp\/v2\/users\/1"}],"replies":[{"embeddable":true,"href":"https:\/\/fundasuvicol.org\/sitio\/wp-json\/wp\/v2\/comments?post=47250"}],"version-history":[{"count":11,"href":"https:\/\/fundasuvicol.org\/sitio\/wp-json\/wp\/v2\/pages\/47250\/revisions"}],"predecessor-version":[{"id":48415,"href":"https:\/\/fundasuvicol.org\/sitio\/wp-json\/wp\/v2\/pages\/47250\/revisions\/48415"}],"wp:attachment":[{"href":"https:\/\/fundasuvicol.org\/sitio\/wp-json\/wp\/v2\/media?parent=47250"}],"curies":[{"name":"wp","href":"https:\/\/api.w.org\/{rel}","templated":true}]}}