{"id":47374,"date":"2018-04-27T13:33:20","date_gmt":"2018-04-27T13:33:20","guid":{"rendered":"http:\/\/fundasuvicol.org\/sitio\/?page_id=47374"},"modified":"2020-10-21T16:30:26","modified_gmt":"2020-10-21T16:30:26","slug":"galeria","status":"publish","type":"page","link":"https:\/\/fundasuvicol.org\/sitio\/galeria\/","title":{"rendered":"Galer\u00eda"},"content":{"rendered":"<p>[et_pb_section bb_built=\u00bb1&#8243; admin_label=\u00bbsection\u00bb _builder_version=\u00bb3.0.106&#8243; top_divider_style=\u00bbclouds2&#8243; top_divider_color=\u00bb#0079B1&#8243; custom_padding=\u00bb50px|0px|16px|0px\u00bb next_background_color=\u00bb#000000&#8243;][et_pb_row admin_label=\u00bbrow\u00bb custom_padding=\u00bb27px|0px|2px|0px\u00bb _builder_version=\u00bb3.0.47&#8243; background_size=\u00bbinitial\u00bb background_position=\u00bbtop_left\u00bb background_repeat=\u00bbrepeat\u00bb][et_pb_column type=\u00bb4_4&#8243;][et_pb_text admin_label=\u00bbText\u00bb _builder_version=\u00bb3.0.47&#8243; background_size=\u00bbinitial\u00bb background_position=\u00bbtop_left\u00bb background_repeat=\u00bbrepeat\u00bb]<\/p>\n<p>&nbsp;<\/p>\n<p>[\/et_pb_text][\/et_pb_column][\/et_pb_row][\/et_pb_section][et_pb_section bb_built=\u00bb1&#8243; _builder_version=\u00bb3.0.106&#8243; custom_padding=\u00bb1px|0px|24px|0px\u00bb prev_background_color=\u00bb#000000&#8243; next_background_color=\u00bb#000000&#8243;][et_pb_row custom_padding=\u00bb27px|0px|5px|0px\u00bb _builder_version=\u00bb3.0.106&#8243;][et_pb_column type=\u00bb4_4&#8243;][et_pb_text _builder_version=\u00bb3.0.106&#8243; text_font=\u00bb||||||||\u00bb text_font_size=\u00bb39px\u00bb text_text_color=\u00bb#878787&#8243;]<\/p>\n<p style=\"text-align: center;\">Galer\u00eda<\/p>\n<p>[\/et_pb_text][\/et_pb_column][\/et_pb_row][\/et_pb_section][et_pb_section bb_built=\u00bb1&#8243; _builder_version=\u00bb3.0.106&#8243; custom_padding=\u00bb0|0px|21px|0px\u00bb prev_background_color=\u00bb#000000&#8243; next_background_color=\u00bb#000000&#8243;][et_pb_row custom_padding=\u00bb0|0px|13px|0px\u00bb _builder_version=\u00bb3.0.106&#8243;][et_pb_column type=\u00bb4_4&#8243;][et_pb_divider show_divider=\u00bbon\u00bb height=\u00bb2px\u00bb _builder_version=\u00bb3.0.106&#8243; background_color=\u00bb#8ac2db\u00bb]<\/p>\n<p>&nbsp;<\/p>\n<p>[\/et_pb_divider][\/et_pb_column][\/et_pb_row][\/et_pb_section][et_pb_section bb_built=\u00bb1&#8243; _builder_version=\u00bb3.0.106&#8243; custom_padding=\u00bb0|0px|35px|0px\u00bb prev_background_color=\u00bb#000000&#8243; next_background_color=\u00bb#000000&#8243;][et_pb_row custom_padding=\u00bb0|0px|8px|0px\u00bb _builder_version=\u00bb3.0.106&#8243;][et_pb_column type=\u00bb4_4&#8243;][et_pb_text _builder_version=\u00bb3.0.106&#8243; text_font=\u00bb||||||||\u00bb text_font_size=\u00bb25px\u00bb text_font_size_last_edited=\u00bboff|desktop\u00bb text_line_height=\u00bb1.2em\u00bb]<\/p>\n<p style=\"text-align: center;\"><strong>Celebraci\u00f3n D\u00eda Mundial del Sue\u00f1o 16 de Marzo de 2018<\/strong><\/p>\n<p>[\/et_pb_text][\/et_pb_column][\/et_pb_row][\/et_pb_section][et_pb_section bb_built=\u00bb1&#8243; _builder_version=\u00bb3.0.106&#8243; custom_padding=\u00bb0|0px|0|0px\u00bb prev_background_color=\u00bb#000000&#8243; next_background_color=\u00bb#000000&#8243;][et_pb_row custom_padding=\u00bb0|0px|27px|0px\u00bb _builder_version=\u00bb3.0.106&#8243;][et_pb_column type=\u00bb4_4&#8243;][et_pb_gallery gallery_ids=\u00bb47415,47414,47406,47412,47407,47413,47405,47396,47391,47381,47382,47409,47411,47410,47395,47408&#8243; gallery_captions=\u00bbD\u00eda Mundial del Sue\u00f1o,D\u00eda Mundial del Sue\u00f1o,D\u00eda Mundial del Sue\u00f1o,D\u00eda Mundial del Sue\u00f1o,D\u00eda Mundial del Sue\u00f1o,D\u00eda Mundial del Sue\u00f1o,D\u00eda Mundial del Sue\u00f1o,D\u00eda Mundial del Sue\u00f1o 2018,D\u00eda Mundial del Sue\u00f1o 2018,D\u00eda Mundial del Sue\u00f1o 2018,D\u00eda Mundial del Sue\u00f1o 2018,D\u00eda Mundial del Sue\u00f1o,D\u00eda Mundial del Sue\u00f1o,D\u00eda Mundial del Sue\u00f1o,D\u00eda Mundial del Sue\u00f1o 2018,D\u00eda Mundial del Sue\u00f1o\u00bb posts_number=\u00bb16&#8243; box_shadow_style_image=\u00bbpreset4&#8243; box_shadow_spread_image=\u00bb-5px\u00bb _builder_version=\u00bb3.0.106&#8243; title_font=\u00bb||||||||\u00bb title_font_size=\u00bb0px\u00bb caption_font=\u00bb||||||||\u00bb caption_text_align=\u00bbcenter\u00bb caption_font_size=\u00bb13px\u00bb]<\/p>\n<p>&nbsp;<\/p>\n<p>[\/et_pb_gallery][\/et_pb_column][\/et_pb_row][\/et_pb_section][et_pb_section bb_built=\u00bb1&#8243; _builder_version=\u00bb3.0.106&#8243; custom_padding=\u00bb0|0px|31px|0px\u00bb prev_background_color=\u00bb#000000&#8243; next_background_color=\u00bb#000000&#8243;][et_pb_row custom_padding=\u00bb0|0px|8px|0px\u00bb _builder_version=\u00bb3.0.106&#8243;][et_pb_column type=\u00bb4_4&#8243;][et_pb_text _builder_version=\u00bb3.0.106&#8243; text_font=\u00bb||||||||\u00bb text_font_size=\u00bb25px\u00bb text_font_size_last_edited=\u00bboff|desktop\u00bb]<\/p>\n<p style=\"text-align: center;\"><b>Nuestras Instalaciones<\/b><\/p>\n<p>[\/et_pb_text][\/et_pb_column][\/et_pb_row][\/et_pb_section][et_pb_section bb_built=\u00bb1&#8243; _builder_version=\u00bb3.0.106&#8243; custom_padding=\u00bb0|0px|35px|0px\u00bb prev_background_color=\u00bb#000000&#8243; next_background_color=\u00bb#000000&#8243;][et_pb_row custom_padding=\u00bb0|0px|13px|0px\u00bb _builder_version=\u00bb3.0.106&#8243;][et_pb_column type=\u00bb4_4&#8243;][et_pb_divider show_divider=\u00bbon\u00bb height=\u00bb2px\u00bb _builder_version=\u00bb3.0.106&#8243; background_color=\u00bb#8ac2db\u00bb]<\/p>\n<p>&nbsp;<\/p>\n<p>[\/et_pb_divider][\/et_pb_column][\/et_pb_row][\/et_pb_section][et_pb_section bb_built=\u00bb1&#8243; _builder_version=\u00bb3.0.106&#8243; custom_padding=\u00bb0|0px|0|0px\u00bb bottom_divider_color=\u00bb#0079B1&#8243; bottom_divider_height=\u00bb35px\u00bb prev_background_color=\u00bb#000000&#8243;][et_pb_row custom_padding=\u00bb0|0px|61px|0px\u00bb _builder_version=\u00bb3.0.106&#8243;][et_pb_column type=\u00bb4_4&#8243;][et_pb_gallery gallery_ids=\u00bb48213,48218,48219,48222,47826,47965,47825,47828,47829,47827,47425,47427,47423,47500,48212,48217,48211,48214&#8243; gallery_captions=\u00bbInstalaciones,Instalaciones,Instalaciones,Instalaciones,Instalaciones,Instalaciones,Instalaciones,Instalaciones,Instalaciones,Instalaciones,Instalaciones,Instalaciones,Instalaciones,Instalaciones,Instalaciones,Instalaciones,Instalaciones,Instalaciones,Instalaciones\u00bb posts_number=\u00bb50&#8243; box_shadow_style_image=\u00bbpreset4&#8243; box_shadow_spread_image=\u00bb-5px\u00bb _builder_version=\u00bb3.0.106&#8243; title_font_size=\u00bb0px\u00bb caption_text_align=\u00bbcenter\u00bb caption_font_size=\u00bb13px\u00bb show_title_and_caption=\u00bbon\u00bb show_pagination=\u00bbon\u00bb fullwidth=\u00bboff\u00bb orientation=\u00bblandscape\u00bb zoom_icon_color=\u00bb#2ea3f2&#8243; hover_overlay_color=\u00bbrgba(255,255,255,0.9)\u00bb background_layout=\u00bblight\u00bb pagination_font_size_tablet=\u00bb51&#8243; pagination_line_height_tablet=\u00bb2&#8243;]<\/p>\n<p>&nbsp;<\/p>\n<p>[\/et_pb_gallery][\/et_pb_column][\/et_pb_row][\/et_pb_section]<\/p>\n","protected":false},"excerpt":{"rendered":"<p>[et_pb_section bb_built=\u00bb1&#8243; admin_label=\u00bbsection\u00bb _builder_version=\u00bb3.0.106&#8243; top_divider_style=\u00bbclouds2&#8243; top_divider_color=\u00bb#0079B1&#8243; custom_padding=\u00bb50px|0px|16px|0px\u00bb next_background_color=\u00bb#000000&#8243;][et_pb_row admin_label=\u00bbrow\u00bb custom_padding=\u00bb27px|0px|2px|0px\u00bb _builder_version=\u00bb3.0.47&#8243; background_size=\u00bbinitial\u00bb background_position=\u00bbtop_left\u00bb background_repeat=\u00bbrepeat\u00bb][et_pb_column type=\u00bb4_4&#8243;][et_pb_text admin_label=\u00bbText\u00bb _builder_version=\u00bb3.0.47&#8243; background_size=\u00bbinitial\u00bb background_position=\u00bbtop_left\u00bb background_repeat=\u00bbrepeat\u00bb] &nbsp; [\/et_pb_text][\/et_pb_column][\/et_pb_row][\/et_pb_section][et_pb_section bb_built=\u00bb1&#8243; _builder_version=\u00bb3.0.106&#8243; custom_padding=\u00bb1px|0px|24px|0px\u00bb prev_background_color=\u00bb#000000&#8243; next_background_color=\u00bb#000000&#8243;][et_pb_row custom_padding=\u00bb27px|0px|5px|0px\u00bb _builder_version=\u00bb3.0.106&#8243;][et_pb_column type=\u00bb4_4&#8243;][et_pb_text _builder_version=\u00bb3.0.106&#8243; text_font=\u00bb||||||||\u00bb text_font_size=\u00bb39px\u00bb text_text_color=\u00bb#878787&#8243;] Galer\u00eda [\/et_pb_text][\/et_pb_column][\/et_pb_row][\/et_pb_section][et_pb_section bb_built=\u00bb1&#8243; _builder_version=\u00bb3.0.106&#8243; custom_padding=\u00bb0|0px|21px|0px\u00bb prev_background_color=\u00bb#000000&#8243; next_background_color=\u00bb#000000&#8243;][et_pb_row custom_padding=\u00bb0|0px|13px|0px\u00bb _builder_version=\u00bb3.0.106&#8243;][et_pb_column type=\u00bb4_4&#8243;][et_pb_divider show_divider=\u00bbon\u00bb height=\u00bb2px\u00bb _builder_version=\u00bb3.0.106&#8243; background_color=\u00bb#8ac2db\u00bb] &nbsp; [\/et_pb_divider][\/et_pb_column][\/et_pb_row][\/et_pb_section][et_pb_section bb_built=\u00bb1&#8243; _builder_version=\u00bb3.0.106&#8243; custom_padding=\u00bb0|0px|35px|0px\u00bb prev_background_color=\u00bb#000000&#8243; next_background_color=\u00bb#000000&#8243;][et_pb_row [&hellip;]<\/p>\n","protected":false},"author":1,"featured_media":0,"parent":0,"menu_order":0,"comment_status":"closed","ping_status":"closed","template":"","meta":{"footnotes":""},"class_list":["post-47374","page","type-page","status-publish","hentry"],"_links":{"self":[{"href":"https:\/\/fundasuvicol.org\/sitio\/wp-json\/wp\/v2\/pages\/47374","targetHints":{"allow":["GET"]}}],"collection":[{"href":"https:\/\/fundasuvicol.org\/sitio\/wp-json\/wp\/v2\/pages"}],"about":[{"href":"https:\/\/fundasuvicol.org\/sitio\/wp-json\/wp\/v2\/types\/page"}],"author":[{"embeddable":true,"href":"https:\/\/fundasuvicol.org\/sitio\/wp-json\/wp\/v2\/users\/1"}],"replies":[{"embeddable":true,"href":"https:\/\/fundasuvicol.org\/sitio\/wp-json\/wp\/v2\/comments?post=47374"}],"version-history":[{"count":19,"href":"https:\/\/fundasuvicol.org\/sitio\/wp-json\/wp\/v2\/pages\/47374\/revisions"}],"predecessor-version":[{"id":48228,"href":"https:\/\/fundasuvicol.org\/sitio\/wp-json\/wp\/v2\/pages\/47374\/revisions\/48228"}],"wp:attachment":[{"href":"https:\/\/fundasuvicol.org\/sitio\/wp-json\/wp\/v2\/media?parent=47374"}],"curies":[{"name":"wp","href":"https:\/\/api.w.org\/{rel}","templated":true}]}}